{"id":3,"date":"2023-01-09T11:12:11","date_gmt":"2023-01-09T11:12:11","guid":{"rendered":"https:\/\/btravel.putput.cat\/?page_id=3"},"modified":"2023-03-02T13:07:20","modified_gmt":"2023-03-02T13:07:20","slug":"politica-de-privacitat","status":"publish","type":"page","link":"https:\/\/lovers.b-travel.com\/ca\/politica-de-privacitat\/","title":{"rendered":"Pol\u00edtica de privacitat"},"content":{"rendered":"<div data-elementor-type=\"wp-page\" data-elementor-id=\"3\" class=\"elementor elementor-3\" data-elementor-post-type=\"page\">\n\t\t\t\t\t\t<section class=\"elementor-section elementor-top-section elementor-element elementor-element-a813fe9 elementor-section-boxed elementor-section-height-default elementor-section-height-default\" data-id=\"a813fe9\" data-element_type=\"section\">\n\t\t\t\t\t\t<div class=\"elementor-container elementor-column-gap-default\">\n\t\t\t\t\t<div class=\"elementor-column elementor-col-100 elementor-top-column elementor-element elementor-element-9107997\" data-id=\"9107997\" data-element_type=\"column\">\n\t\t\t<div class=\"elementor-widget-wrap elementor-element-populated\">\n\t\t\t\t\t\t<div class=\"elementor-element elementor-element-346acb7 elementor-widget elementor-widget-heading\" data-id=\"346acb7\" data-element_type=\"widget\" data-widget_type=\"heading.default\">\n\t\t\t\t<div class=\"elementor-widget-container\">\n\t\t\t\t\t<h1 class=\"elementor-heading-title elementor-size-xxl\">Pol\u00edtica de privacitat<\/h1>\t\t\t\t<\/div>\n\t\t\t\t<\/div>\n\t\t\t\t<div class=\"elementor-element elementor-element-7bcc87e elementor-widget elementor-widget-text-editor\" data-id=\"7bcc87e\" data-element_type=\"widget\" data-widget_type=\"text-editor.default\">\n\t\t\t\t<div class=\"elementor-widget-container\">\n\t\t\t\t\t\t\t\t\t<p>Des de FIRA DE BARCELONA i les seves empreses participades ALIMENTARIA EXHIBITIONS, S.L.U. i FIRA BARCELONA INTERNATIONAL EXHIBITION AND SERVICES, S.L. (en endavant totes elles compreses sota la denominaci\u00f3 \u201cFIRA DE BARCELONA\u201d) som conscients de la import\u00e0ncia que suposa pels nostres clients obtenir informaci\u00f3 clara i transparent sobre l\u2019\u00fas que fem de la informaci\u00f3 que ens proporcionen.<\/p><p>La relaci\u00f3 amb els nostres clients es basa en la l\u2019 honestedat, el rigor i la transpar\u00e8ncia per tal de construir relacions s\u00f2lides i de confian\u00e7a m\u00fatua. Mitjan\u00e7ant la present Pol\u00edtica de Privacitat (publicada a totes les nostres p\u00e0gines web) els hi detallem com tractem les seves dades personals quan es relacionen amb nosaltres. <em><strong>Al visitar les nostres webs accepta i consent la present Pol\u00edtica de Privacitat.<\/strong><\/em>.<\/p>\t\t\t\t\t\t\t\t<\/div>\n\t\t\t\t<\/div>\n\t\t\t\t\t<\/div>\n\t\t<\/div>\n\t\t\t\t\t<\/div>\n\t\t<\/section>\n\t\t\t\t<section class=\"elementor-section elementor-top-section elementor-element elementor-element-7a48db4 elementor-section-boxed elementor-section-height-default elementor-section-height-default\" data-id=\"7a48db4\" data-element_type=\"section\">\n\t\t\t\t\t\t<div class=\"elementor-container elementor-column-gap-default\">\n\t\t\t\t\t<div class=\"elementor-column elementor-col-100 elementor-top-column elementor-element elementor-element-7fa2f6b\" data-id=\"7fa2f6b\" data-element_type=\"column\">\n\t\t\t<div class=\"elementor-widget-wrap elementor-element-populated\">\n\t\t\t\t\t\t<div class=\"elementor-element elementor-element-d5ae9ef elementor-widget elementor-widget-heading\" data-id=\"d5ae9ef\" data-element_type=\"widget\" data-widget_type=\"heading.default\">\n\t\t\t\t<div class=\"elementor-widget-container\">\n\t\t\t\t\t<h2 class=\"elementor-heading-title elementor-size-medium\">1. Qui \u00e9s el responsable del tractament de les seves dades?<\/h2>\t\t\t\t<\/div>\n\t\t\t\t<\/div>\n\t\t\t\t<div class=\"elementor-element elementor-element-131d51d elementor-widget elementor-widget-text-editor\" data-id=\"131d51d\" data-element_type=\"widget\" data-widget_type=\"text-editor.default\">\n\t\t\t\t<div class=\"elementor-widget-container\">\n\t\t\t\t\t\t\t\t\t<table id=\"aui_3_2_0_1153\"><tbody id=\"aui_3_2_0_1152\"><tr id=\"aui_3_2_0_1151\"><td id=\"aui_3_2_0_1150\">Identitat<\/td><td>FIRA INTERNACIONAL DE BARCELONA amb CIF Q-0873006-A i les seves participades ALIMENTARIA EXHIBITIONS, S.L.U. amb CIF B-62704457 i FIRA BARCELONA INTERNATIONAL EXHIBITIONS AND SERVICES, S.L. amb CIF B-66507088.<\/td><\/tr><tr><td>Direcci\u00f3 postal<\/td><td>Av. Reina M\u00aa Cristina s\/n 08004 Barcelona<\/td><\/tr><tr><td>Tel\u00e8fon<\/td><td>932 332 000<\/td><\/tr><tr><td>e-mail<\/td><td>datos@firabarcelona.com \/ datos.alimentaria@alimentaria.com<\/td><\/tr><tr><td>DPO<\/td><td>dpo@firabarcelona.com<\/td><\/tr><\/tbody><\/table>\t\t\t\t\t\t\t\t<\/div>\n\t\t\t\t<\/div>\n\t\t\t\t\t<\/div>\n\t\t<\/div>\n\t\t\t\t\t<\/div>\n\t\t<\/section>\n\t\t\t\t<section class=\"elementor-section elementor-top-section elementor-element elementor-element-1258345 elementor-section-boxed elementor-section-height-default elementor-section-height-default\" data-id=\"1258345\" data-element_type=\"section\">\n\t\t\t\t\t\t<div class=\"elementor-container elementor-column-gap-default\">\n\t\t\t\t\t<div class=\"elementor-column elementor-col-100 elementor-top-column elementor-element elementor-element-4acb1b2\" data-id=\"4acb1b2\" data-element_type=\"column\">\n\t\t\t<div class=\"elementor-widget-wrap elementor-element-populated\">\n\t\t\t\t\t\t<div class=\"elementor-element elementor-element-0975d5f elementor-widget elementor-widget-heading\" data-id=\"0975d5f\" data-element_type=\"widget\" data-widget_type=\"heading.default\">\n\t\t\t\t<div class=\"elementor-widget-container\">\n\t\t\t\t\t<h2 class=\"elementor-heading-title elementor-size-medium\">2. Amb quina finalitat tractem les seves dades?<\/h2>\t\t\t\t<\/div>\n\t\t\t\t<\/div>\n\t\t\t\t<div class=\"elementor-element elementor-element-28a86d3 elementor-widget elementor-widget-text-editor\" data-id=\"28a86d3\" data-element_type=\"widget\" data-widget_type=\"text-editor.default\">\n\t\t\t\t<div class=\"elementor-widget-container\">\n\t\t\t\t\t\t\t\t\t<p>A FIRA DE BARCELONA, tractem les dades que ens ha facilitat amb les seg\u00fcents finalitats:<\/p><p>a) Enviar informaci\u00f3 relacionada directament amb la seva participaci\u00f3 al sal\u00f3 on estigui acreditat.<\/p><p>b) Enviar informaci\u00f3 promocional i\/o publicit\u00e0ria dels nostres salons i de les activitats que portem a terme incl\u00fas per mitjans electr\u00f2nics.<\/p><p>c) Facilitar ajuda i resoldre les seves consultes a trav\u00e9s dels Formularis inclosos a las websites dels salons, ra\u00f3 per la qual contactarem amb Vost\u00e8 al tel\u00e8fon i\/o mail que ens ha proporcionat.<\/p><p>d) Registrar el seu correu per rebre la <em>newsletter<\/em> que peri\u00f2dicament lliurem als nostres clients, nom\u00e9s en el cas de que la hagi sol\u00b7licitat expressament.<\/p><p>e) Gesti\u00f3, en el seu cas, de la nostra relaci\u00f3 contractual inclosa la tramitaci\u00f3 de la sol\u00b7licitud de participaci\u00f3 i contracte de participaci\u00f3 corresponent, gesti\u00f3 de les factures i pagaments, seguiment de pagaments en cas de que aquests no s\u2019hagin fet efectius en la data acordada, fidelitzaci\u00f3 com a client i realitzaci\u00f3 d\u2019enquestes de qualitat del servei.<\/p><p>f)  Amb la finalitat de poder oferir-li productes i\/o serveis d\u2019acord amb els seus interessos i millorar la seva experi\u00e8ncia d\u2019usuari elaborarem un perfil comercial de client en base a la informaci\u00f3 facilitada. No es prendran en cap cas decisions automatitzades en base a l\u2019esmentat perfil.<\/p><p>g) Manteniment de llistes de no enviaments comercials en cas que ens hagi comunicat que no vol rebre informaci\u00f3 promocional\/publicit\u00e0ria per via electr\u00f2nica.<\/p><p>h) Manteniment de llistes de supressi\u00f3\/cancel\u00b7laci\u00f3 de dades en cas de que hagi exercitat el seu dret a la cancel\u00b7laci\u00f3 de les seves dades. Aquestes dades es mantindran bloquejades i amb acc\u00e9s restringit durant el termini legal m\u00ednim establert.<\/p><p>i)  Permetre el funcionament de les nostres websites, a trav\u00e9s de cookies t\u00e8cniques i funcionals tal com es detalla a la nostra pol\u00edtica de cookies <a href=\"http:\/\/www.firabarcelona.com\/cookies\" target=\"_blank\" rel=\"noopener\">www.firabarcelona.com\/cookies<\/a><\/p>\t\t\t\t\t\t\t\t<\/div>\n\t\t\t\t<\/div>\n\t\t\t\t\t<\/div>\n\t\t<\/div>\n\t\t\t\t\t<\/div>\n\t\t<\/section>\n\t\t\t\t<section class=\"elementor-section elementor-top-section elementor-element elementor-element-2a5f900 elementor-section-boxed elementor-section-height-default elementor-section-height-default\" data-id=\"2a5f900\" data-element_type=\"section\">\n\t\t\t\t\t\t<div class=\"elementor-container elementor-column-gap-default\">\n\t\t\t\t\t<div class=\"elementor-column elementor-col-100 elementor-top-column elementor-element elementor-element-1ccfeb6\" data-id=\"1ccfeb6\" data-element_type=\"column\">\n\t\t\t<div class=\"elementor-widget-wrap elementor-element-populated\">\n\t\t\t\t\t\t<div class=\"elementor-element elementor-element-f60edec elementor-widget elementor-widget-heading\" data-id=\"f60edec\" data-element_type=\"widget\" data-widget_type=\"heading.default\">\n\t\t\t\t<div class=\"elementor-widget-container\">\n\t\t\t\t\t<h2 class=\"elementor-heading-title elementor-size-medium\">3. Quan temps conservarem les seves dades?<\/h2>\t\t\t\t<\/div>\n\t\t\t\t<\/div>\n\t\t\t\t<div class=\"elementor-element elementor-element-8e92af0 elementor-widget elementor-widget-text-editor\" data-id=\"8e92af0\" data-element_type=\"widget\" data-widget_type=\"text-editor.default\">\n\t\t\t\t<div class=\"elementor-widget-container\">\n\t\t\t\t\t\t\t\t\t<p>Les seves dades es conservaran:<\/p><ol><li>Durant el m\u00ednim temps legal possible (Ex: en cas de facturacions de serveis).<\/li><li>En el cas de que no mantingui cap relaci\u00f3 comercial\/mercantil amb FIRA DE BARCELONA, es a dir:<ul><li>a) si no ha assistit a cap dels nostres salons durant tres (3) edicions consecutives per a salons anuals i<\/li><li>b) si no ha assistit a cap dels nostres salons durant dues (2) edicions consecutives per a salons bianuals i triennals.<\/li><\/ul><\/li><li>En cas de sol\u00b7licituds d\u2019informaci\u00f3 o consulta: mentre siguin necess\u00e0ries per donar resposta a la mateixa.<\/li><li>Pels subscriptors de <em>newsletters<\/em>, als 3 (tres) mesos de causar baixa, s\u2019esborraran parcialment les dades del correu (dissociaci\u00f3), per controls estad\u00edstics.<\/li><\/ol>\t\t\t\t\t\t\t\t<\/div>\n\t\t\t\t<\/div>\n\t\t\t\t\t<\/div>\n\t\t<\/div>\n\t\t\t\t\t<\/div>\n\t\t<\/section>\n\t\t\t\t<section class=\"elementor-section elementor-top-section elementor-element elementor-element-31e751c elementor-section-boxed elementor-section-height-default elementor-section-height-default\" data-id=\"31e751c\" data-element_type=\"section\">\n\t\t\t\t\t\t<div class=\"elementor-container elementor-column-gap-default\">\n\t\t\t\t\t<div class=\"elementor-column elementor-col-100 elementor-top-column elementor-element elementor-element-34cfa30\" data-id=\"34cfa30\" data-element_type=\"column\">\n\t\t\t<div class=\"elementor-widget-wrap elementor-element-populated\">\n\t\t\t\t\t\t<div class=\"elementor-element elementor-element-2cc1f04 elementor-widget elementor-widget-heading\" data-id=\"2cc1f04\" data-element_type=\"widget\" data-widget_type=\"heading.default\">\n\t\t\t\t<div class=\"elementor-widget-container\">\n\t\t\t\t\t<h2 class=\"elementor-heading-title elementor-size-medium\">4. Quina \u00e9s la legitimaci\u00f3 pel tractament de les seves dades?<\/h2>\t\t\t\t<\/div>\n\t\t\t\t<\/div>\n\t\t\t\t<div class=\"elementor-element elementor-element-6ec8ce7 elementor-widget elementor-widget-text-editor\" data-id=\"6ec8ce7\" data-element_type=\"widget\" data-widget_type=\"text-editor.default\">\n\t\t\t\t<div class=\"elementor-widget-container\">\n\t\t\t\t\t\t\t\t\t<p>Depenent del tipus de relaci\u00f3 comercial i\/o de vinculaci\u00f3 amb nosaltres, la base legal per tractament de les seves dades personals pot ser:<\/p><ul><li>El seu <strong>consentiment<\/strong>, donat en el moment de facilitar volunt\u00e0riament les seves dades en els nostres formularis i acceptar el tractament de les seves dades a la casella corresponent (Ex: Enviament de publicitat dels nostres salons).<\/li><li>Tanmateix podem tractar les seves dades en base a la <strong>relaci\u00f3 contractual existent<\/strong> entre les parts com a conseq\u00fc\u00e8ncia de la seva participaci\u00f3 en un esdeveniment organitzat per FIRA DE BARCELONA (Ex: Formalitzaci\u00f3 del contracte de participaci\u00f3).<\/li><li>L' <strong>inter\u00e8s leg\u00edtim<\/strong> ens servir\u00e0 com a base legal pel tractament de les seves dades en la navegaci\u00f3 als llocs web (Ex: Navegaci\u00f3 a les nostres p\u00e0gines web).<\/li><li><strong>Obligaci\u00f3 legal<\/strong>, inclosa al Reglament Europeo de Protecci\u00f3 de Dades i a la Llei de Serveis de la Societat de la Informaci\u00f3 i Comer\u00e7 Electr\u00f2nic LSSI (Ex: bloqueig de les seves dades i llistat de no enviaments comercials).<\/li><\/ul>\t\t\t\t\t\t\t\t<\/div>\n\t\t\t\t<\/div>\n\t\t\t\t\t<\/div>\n\t\t<\/div>\n\t\t\t\t\t<\/div>\n\t\t<\/section>\n\t\t\t\t<section class=\"elementor-section elementor-top-section elementor-element elementor-element-3d7cb05 elementor-section-boxed elementor-section-height-default elementor-section-height-default\" data-id=\"3d7cb05\" data-element_type=\"section\">\n\t\t\t\t\t\t<div class=\"elementor-container elementor-column-gap-default\">\n\t\t\t\t\t<div class=\"elementor-column elementor-col-100 elementor-top-column elementor-element elementor-element-0039d5d\" data-id=\"0039d5d\" data-element_type=\"column\">\n\t\t\t<div class=\"elementor-widget-wrap elementor-element-populated\">\n\t\t\t\t\t\t<div class=\"elementor-element elementor-element-9d0661a elementor-widget elementor-widget-heading\" data-id=\"9d0661a\" data-element_type=\"widget\" data-widget_type=\"heading.default\">\n\t\t\t\t<div class=\"elementor-widget-container\">\n\t\t\t\t\t<h2 class=\"elementor-heading-title elementor-size-medium\">5. A qui comunicarem les seves dades?<\/h2>\t\t\t\t<\/div>\n\t\t\t\t<\/div>\n\t\t\t\t<div class=\"elementor-element elementor-element-7470d3f elementor-widget elementor-widget-text-editor\" data-id=\"7470d3f\" data-element_type=\"widget\" data-widget_type=\"text-editor.default\">\n\t\t\t\t<div class=\"elementor-widget-container\">\n\t\t\t\t\t\t\t\t\t<p>a) Les dades dels formularis sobre consultes no es lliuraran a cap tercer. \u00danicament es tracten internament a FIRA DE BARCELONA.<\/p><p>b) Quan FIRA DE BARCELONA li presti un servei a trav\u00e9s d\u2019una tercera empresa prove\u00efdora les seves dades es comunicaran a aquesta empresa, amb estricta obligaci\u00f3 de confidencialitat i pr\u00e8via formalitzaci\u00f3 del corresponent contracte de prestaci\u00f3 de serveis entre el Responsable del Tractament (FIRA DE BARCELONA) i l\u2019Encarregat del Tractament (empresa prove\u00efdora).<\/p><p>c) Pels subscriptors de la <em>newsletter<\/em> no es cediran les dades, les tractar\u00e0 una tercera empresa que \u00e9s qui fa la gesti\u00f3 de la <em>newsletter<\/em>, amb la qual s\u2019ha signat el degut contracte de prestaci\u00f3 de serveis com a Encarregat del Tractament.<\/p><p>En cas de transfer\u00e8ncia de les seves dades a tercers pa\u00efsos, vetllem per donar la m\u00e0xima privacitat i seguretat a les dades dels nostres clients. En aquest sentit la majoria dels nostres prove\u00efdors i col\u00b7laboradors es troben dintre del EEE (Espai Econ\u00f2mic Europeu). En cas que algun estigui ubicat fora d\u2019aquesta zona, haur\u00e0 de ser en un pa\u00eds amb nivells de protecci\u00f3 adequats d\u2019acord amb el criteri de la Comissi\u00f3 Europea. En el cas d\u2019altres pa\u00efsos que no tenen lleis tan estrictes com l\u2019europea, apliquem cl\u00e0usules contractuals tipus d\u2019acord amb la Decisi\u00f3 (UE) 2021\/914, del 4 de juny.<\/p><p>Fira de Barcelona garanteix que sota cap circumst\u00e0ncia ven, ofereix i\/o comercialitza amb les dades dels seus clients.<\/p>\t\t\t\t\t\t\t\t<\/div>\n\t\t\t\t<\/div>\n\t\t\t\t\t<\/div>\n\t\t<\/div>\n\t\t\t\t\t<\/div>\n\t\t<\/section>\n\t\t\t\t<section class=\"elementor-section elementor-top-section elementor-element elementor-element-8d6dacf elementor-section-boxed elementor-section-height-default elementor-section-height-default\" data-id=\"8d6dacf\" data-element_type=\"section\">\n\t\t\t\t\t\t<div class=\"elementor-container elementor-column-gap-default\">\n\t\t\t\t\t<div class=\"elementor-column elementor-col-100 elementor-top-column elementor-element elementor-element-d633da4\" data-id=\"d633da4\" data-element_type=\"column\">\n\t\t\t<div class=\"elementor-widget-wrap elementor-element-populated\">\n\t\t\t\t\t\t<div class=\"elementor-element elementor-element-c85b96c elementor-widget elementor-widget-heading\" data-id=\"c85b96c\" data-element_type=\"widget\" data-widget_type=\"heading.default\">\n\t\t\t\t<div class=\"elementor-widget-container\">\n\t\t\t\t\t<h2 class=\"elementor-heading-title elementor-size-medium\">6. Quins s\u00f3n els seus drets quan ens facilita les seves dades?<\/h2>\t\t\t\t<\/div>\n\t\t\t\t<\/div>\n\t\t\t\t<div class=\"elementor-element elementor-element-1f0acad elementor-widget elementor-widget-text-editor\" data-id=\"1f0acad\" data-element_type=\"widget\" data-widget_type=\"text-editor.default\">\n\t\t\t\t<div class=\"elementor-widget-container\">\n\t\t\t\t\t\t\t\t\t<p>Qualsevol persona t\u00e9 dret a <strong>obtenir informaci\u00f3<\/strong> clara i comprensible sobre si a FIRA DE BARCELONA s\u2019estan tractant les seves dades personals.<\/p><p>Les persones interessades tenen dret a <strong>accedir<\/strong> a les seves dades de car\u00e0cter personal, aix\u00ed com a sol\u00b7licitar la <strong>rectificaci\u00f3<\/strong> de dades inexactes o, en el seu cas, sol\u00b7licitar la <strong>supressi\u00f3<\/strong> quan, entre d\u2019altres motius, les dades ja no siguin necess\u00e0ries per la finalitat que van ser lliurades aix\u00ed com <strong>retirar el consentiment atorgat.<\/strong>. L\u2019exercici d\u2019 <strong>oposici\u00f3<\/strong> al tractament de les seves dades per a l\u2019enviament d\u2019informaci\u00f3 publicit\u00e0ria per via electr\u00f2nica. Tamb\u00e9 pot exercir el seu dret a la <strong>limitaci\u00f3 del tractament<\/strong>, de forma que les seves dades no seran suprimides per\u00f2 el tractament de les mateixes estar\u00e0 subjecte a limitacions.<\/p><p>Els exercicis de portabilitat i automatitzaci\u00f3 de decisions no apliquen en aquest cas per la tipologia de dades i tractament de les mateixes.<\/p><p>L\u2019exercici dels drets anteriorment indicats es pot fer per correu postal, adjuntant c\u00f2pia del DNI o passaport; davant FIRA INTERNACIONAL DE BARCELONA amb domicili a Av. Reina M\u00aa Cristina s\/n 08004 Barcelona, Departament CRM Serveis de M\u00e0rqueting, o per correu electr\u00f2nic, a l\u2019adre\u00e7a datos@firabarcelona.test o datos.alimentaria@alimentaria.test, amb la mateixa documentaci\u00f3 que per correu postal. <a href=\"mailto:datos@firabarcelona.com\">datos@firabarcelona.com<\/a> o <a href=\"mailto:datos.alimentaria@alimentaria.com\">datos.alimentaria@alimentaria.com<\/a>, con la misma documentaci\u00f3n que por correo postal.<\/p>\t\t\t\t\t\t\t\t<\/div>\n\t\t\t\t<\/div>\n\t\t\t\t\t<\/div>\n\t\t<\/div>\n\t\t\t\t\t<\/div>\n\t\t<\/section>\n\t\t\t\t<section class=\"elementor-section elementor-top-section elementor-element elementor-element-7b79b8b elementor-section-boxed elementor-section-height-default elementor-section-height-default\" data-id=\"7b79b8b\" data-element_type=\"section\">\n\t\t\t\t\t\t<div class=\"elementor-container elementor-column-gap-default\">\n\t\t\t\t\t<div class=\"elementor-column elementor-col-100 elementor-top-column elementor-element elementor-element-9d80408\" data-id=\"9d80408\" data-element_type=\"column\">\n\t\t\t<div class=\"elementor-widget-wrap elementor-element-populated\">\n\t\t\t\t\t\t<div class=\"elementor-element elementor-element-87342cc elementor-widget elementor-widget-heading\" data-id=\"87342cc\" data-element_type=\"widget\" data-widget_type=\"heading.default\">\n\t\t\t\t<div class=\"elementor-widget-container\">\n\t\t\t\t\t<h2 class=\"elementor-heading-title elementor-size-medium\">7. Contacte<\/h2>\t\t\t\t<\/div>\n\t\t\t\t<\/div>\n\t\t\t\t<div class=\"elementor-element elementor-element-90c259e elementor-widget elementor-widget-text-editor\" data-id=\"90c259e\" data-element_type=\"widget\" data-widget_type=\"text-editor.default\">\n\t\t\t\t<div class=\"elementor-widget-container\">\n\t\t\t\t\t\t\t\t\tPer a qualsevol consulta sobre el tractament de les seves dades, pot posar-se en contacte amb la nostra DPO a <a href=\"mailto:dpo@firabarcelona.com\">dpo@firabarcelona.com<\/a>\n\nTanmateix vost\u00e8 pot dirigir les seves reclamacions derivades dels tractament de les seves dades de car\u00e0cter personal davant de la Autoritat Catalana de Protecci\u00f3 de Dades <a href=\"http:\/\/www.agdp.es\/\" target=\"_blank\" rel=\"noopener\">(www.agdp.es)<\/a>\t\t\t\t\t\t\t\t<\/div>\n\t\t\t\t<\/div>\n\t\t\t\t\t<\/div>\n\t\t<\/div>\n\t\t\t\t\t<\/div>\n\t\t<\/section>\n\t\t\t\t<\/div>","protected":false},"excerpt":{"rendered":"<p>FIRA DE BARCELONA y sus empresas participadas ALIMENTARIA EXHIBITIONS SLU y FIRA BARCELONA INTERNATIONAL EXHIBITION AND SERVICES S.L. (en adelante todas ellas comprendidas bajo la denominaci\u00f3n \u00abFIRA DE BARCELONA\u00bb) son conscientes de la importancia que supone para nuestros clientes obtener informaci\u00f3n clara y transparente sobre el uso que hacemos de la informaci\u00f3n que nos proporcionan. [&hellip;]<\/p>","protected":false},"author":1,"featured_media":0,"parent":0,"menu_order":61,"comment_status":"closed","ping_status":"closed","template":"","meta":{"footnotes":""},"class_list":["post-3","page","type-page","status-publish","hentry"],"acf":[],"_links":{"self":[{"href":"https:\/\/lovers.b-travel.com\/ca\/wp-json\/wp\/v2\/pages\/3","targetHints":{"allow":["GET"]}}],"collection":[{"href":"https:\/\/lovers.b-travel.com\/ca\/wp-json\/wp\/v2\/pages"}],"about":[{"href":"https:\/\/lovers.b-travel.com\/ca\/wp-json\/wp\/v2\/types\/page"}],"author":[{"embeddable":true,"href":"https:\/\/lovers.b-travel.com\/ca\/wp-json\/wp\/v2\/users\/1"}],"replies":[{"embeddable":true,"href":"https:\/\/lovers.b-travel.com\/ca\/wp-json\/wp\/v2\/comments?post=3"}],"version-history":[{"count":14,"href":"https:\/\/lovers.b-travel.com\/ca\/wp-json\/wp\/v2\/pages\/3\/revisions"}],"predecessor-version":[{"id":804,"href":"https:\/\/lovers.b-travel.com\/ca\/wp-json\/wp\/v2\/pages\/3\/revisions\/804"}],"wp:attachment":[{"href":"https:\/\/lovers.b-travel.com\/ca\/wp-json\/wp\/v2\/media?parent=3"}],"curies":[{"name":"wp","href":"https:\/\/api.w.org\/{rel}","templated":true}]}}