{"id":781,"date":"2023-03-02T12:19:04","date_gmt":"2023-03-02T12:19:04","guid":{"rendered":"https:\/\/btravel.putput.cat\/?page_id=781"},"modified":"2023-03-02T13:06:57","modified_gmt":"2023-03-02T13:06:57","slug":"avis-legal","status":"publish","type":"page","link":"https:\/\/lovers.b-travel.com\/ca\/avis-legal\/","title":{"rendered":"Av\u00eds Legal"},"content":{"rendered":"<div data-elementor-type=\"wp-page\" data-elementor-id=\"781\" class=\"elementor elementor-781\" data-elementor-post-type=\"page\">\n\t\t\t\t\t\t<section class=\"elementor-section elementor-top-section elementor-element elementor-element-6fc10eef elementor-section-boxed elementor-section-height-default elementor-section-height-default\" data-id=\"6fc10eef\" data-element_type=\"section\">\n\t\t\t\t\t\t<div class=\"elementor-container elementor-column-gap-default\">\n\t\t\t\t\t<div class=\"elementor-column elementor-col-100 elementor-top-column elementor-element elementor-element-3e98763c\" data-id=\"3e98763c\" data-element_type=\"column\">\n\t\t\t<div class=\"elementor-widget-wrap elementor-element-populated\">\n\t\t\t\t\t\t\t<\/div>\n\t\t<\/div>\n\t\t\t\t\t<\/div>\n\t\t<\/section>\n\t\t\t\t<section class=\"elementor-section elementor-top-section elementor-element elementor-element-73d9711 elementor-section-boxed elementor-section-height-default elementor-section-height-default\" data-id=\"73d9711\" data-element_type=\"section\">\n\t\t\t\t\t\t<div class=\"elementor-container elementor-column-gap-default\">\n\t\t\t\t\t<div class=\"elementor-column elementor-col-100 elementor-top-column elementor-element elementor-element-56d5d58\" data-id=\"56d5d58\" data-element_type=\"column\">\n\t\t\t<div class=\"elementor-widget-wrap elementor-element-populated\">\n\t\t\t\t\t\t<div class=\"elementor-element elementor-element-4eb419c elementor-widget elementor-widget-heading\" data-id=\"4eb419c\" data-element_type=\"widget\" data-widget_type=\"heading.default\">\n\t\t\t\t<div class=\"elementor-widget-container\">\n\t\t\t\t\t<h2 class=\"elementor-heading-title elementor-size-large\">Informaci\u00f3n general<\/h2>\t\t\t\t<\/div>\n\t\t\t\t<\/div>\n\t\t\t\t<div class=\"elementor-element elementor-element-a3d534e elementor-widget elementor-widget-heading\" data-id=\"a3d534e\" data-element_type=\"widget\" data-widget_type=\"heading.default\">\n\t\t\t\t<div class=\"elementor-widget-container\">\n\t\t\t\t\t<h2 class=\"elementor-heading-title elementor-size-medium\">Informaci\u00f3 general<\/h2>\t\t\t\t<\/div>\n\t\t\t\t<\/div>\n\t\t\t\t<div class=\"elementor-element elementor-element-59517b8 elementor-widget elementor-widget-text-editor\" data-id=\"59517b8\" data-element_type=\"widget\" data-widget_type=\"text-editor.default\">\n\t\t\t\t<div class=\"elementor-widget-container\">\n\t\t\t\t\t\t\t\t\t<p><strong>FIRA BARCELONA amb domicili a Barcelona, Avinguda Reina M\u00ba Cristina s\/n i amb CIF Q-0873006-A, inscrita al Registre Oficial de Fires de Catalunya, al foli 7, Llibre 1, \u00e9s la titular del portal firabarcelona.test (d\u2019ara en endavant, el Portal) i el posa a disposici\u00f3 dels usuaris d\u2019internet, amb la finalitat tant de proporcionar informaci\u00f3 sobre els serveis, congressos, salons i fires de la FIRA, aix\u00ed com permetre la prestaci\u00f3 de serveis a trav\u00e9s del Portal.<\/strong> con domicilio en Barcelona, Avenida Reina M\u00aa Cristina s\/n y con CIF Q-0873006-A Inscrita en el Registro Oficial de Ferias de Catalu\u00f1a, en el folio 7, libro I, es la titular del portal firabarcelona.test (en lo sucesivo, el Portal) y lo pone a disposici\u00f3n de los usuarios de Internet, con el fin tanto de proporcionar informaci\u00f3n sobre los servicios, congresos, salones y ferias de la FIRA as\u00ed como permitir la prestaci\u00f3n de servicios a trav\u00e9s del Portal.<\/p>\t\t\t\t\t\t\t\t<\/div>\n\t\t\t\t<\/div>\n\t\t\t\t<div class=\"elementor-element elementor-element-1561bb6 elementor-widget elementor-widget-heading\" data-id=\"1561bb6\" data-element_type=\"widget\" data-widget_type=\"heading.default\">\n\t\t\t\t<div class=\"elementor-widget-container\">\n\t\t\t\t\t<h2 class=\"elementor-heading-title elementor-size-medium\">Comunicaci\u00f3 dels noms de domini de FIRA als Registres corresponents<\/h2>\t\t\t\t<\/div>\n\t\t\t\t<\/div>\n\t\t\t\t<div class=\"elementor-element elementor-element-41dc99d elementor-widget elementor-widget-text-editor\" data-id=\"41dc99d\" data-element_type=\"widget\" data-widget_type=\"text-editor.default\">\n\t\t\t\t<div class=\"elementor-widget-container\">\n\t\t\t\t\t\t\t\t\t<p>FIRA declara haver comunicat al Registre de Fires els noms de domini actualment en \u00fas en compliment del que es disposa a l\u2019article 9 de la Llei 34\/2002, d\u201911 de juliol de Serveis de la Societat de la Informaci\u00f3 i de Comer\u00e7 Electr\u00f2nic.<\/p>\t\t\t\t\t\t\t\t<\/div>\n\t\t\t\t<\/div>\n\t\t\t\t\t<\/div>\n\t\t<\/div>\n\t\t\t\t\t<\/div>\n\t\t<\/section>\n\t\t\t\t<section class=\"elementor-section elementor-top-section elementor-element elementor-element-e550f9b elementor-section-boxed elementor-section-height-default elementor-section-height-default\" data-id=\"e550f9b\" data-element_type=\"section\">\n\t\t\t\t\t\t<div class=\"elementor-container elementor-column-gap-default\">\n\t\t\t\t\t<div class=\"elementor-column elementor-col-100 elementor-top-column elementor-element elementor-element-08cb9b0\" data-id=\"08cb9b0\" data-element_type=\"column\">\n\t\t\t<div class=\"elementor-widget-wrap elementor-element-populated\">\n\t\t\t\t\t\t<div class=\"elementor-element elementor-element-3220c07 elementor-widget elementor-widget-heading\" data-id=\"3220c07\" data-element_type=\"widget\" data-widget_type=\"heading.default\">\n\t\t\t\t<div class=\"elementor-widget-container\">\n\t\t\t\t\t<h2 class=\"elementor-heading-title elementor-size-large\">Condicions Generals d\u2019Utilitzaci\u00f3 i Acceptaci\u00f3 de les mateixes<\/h2>\t\t\t\t<\/div>\n\t\t\t\t<\/div>\n\t\t\t\t<div class=\"elementor-element elementor-element-57d0fe3 elementor-widget elementor-widget-text-editor\" data-id=\"57d0fe3\" data-element_type=\"widget\" data-widget_type=\"text-editor.default\">\n\t\t\t\t<div class=\"elementor-widget-container\">\n\t\t\t\t\t\t\t\t\t<p>Les presents condicions generals d\u2019utilitzaci\u00f3 del portal, juntament amb les condicions generals de contractaci\u00f3 dels serveis que es prestin en el mateix, aix\u00ed com altres condicions particulars que puguin establir-se, tenen per finalitat la regulaci\u00f3 i informaci\u00f3 als usuaris dels serveis de FIRA BARCELONA i la regulaci\u00f3 de l\u2019\u00fas del Portal.<\/p><p>La navegaci\u00f3 i la utilitzaci\u00f3 dels serveis del portal suposen l\u2019acceptaci\u00f3 com a Usuari, sense reserves de cap tipus, de totes les condicions generals d\u2019utilitzaci\u00f3, de les condicions generals de contractaci\u00f3 i d\u2019altres condicions que puguin existir en relaci\u00f3 amb la prestaci\u00f3 de serveis de FIRA.<\/p><p>FIRA podr\u00e0, en tot moment i sense previ av\u00eds, modificar les presents condicions generals, aix\u00ed com les condicions generals de contractaci\u00f3 i les condicions generals que s\u2019incloguin mitjan\u00e7ant la publicaci\u00f3 de les citades modificacions en el portal a fi que siguin conegudes amb car\u00e0cter previ pels usuaris.<\/p>\t\t\t\t\t\t\t\t<\/div>\n\t\t\t\t<\/div>\n\t\t\t\t\t<\/div>\n\t\t<\/div>\n\t\t\t\t\t<\/div>\n\t\t<\/section>\n\t\t\t\t<section class=\"elementor-section elementor-top-section elementor-element elementor-element-f5198e4 elementor-section-boxed elementor-section-height-default elementor-section-height-default\" data-id=\"f5198e4\" data-element_type=\"section\">\n\t\t\t\t\t\t<div class=\"elementor-container elementor-column-gap-default\">\n\t\t\t\t\t<div class=\"elementor-column elementor-col-100 elementor-top-column elementor-element elementor-element-b69ffb2\" data-id=\"b69ffb2\" data-element_type=\"column\">\n\t\t\t<div class=\"elementor-widget-wrap elementor-element-populated\">\n\t\t\t\t\t\t<div class=\"elementor-element elementor-element-1ee5a9e elementor-widget elementor-widget-heading\" data-id=\"1ee5a9e\" data-element_type=\"widget\" data-widget_type=\"heading.default\">\n\t\t\t\t<div class=\"elementor-widget-container\">\n\t\t\t\t\t<h2 class=\"elementor-heading-title elementor-size-large\">Condicions Generals d\u2019Utilitzaci\u00f3 del portal<\/h2>\t\t\t\t<\/div>\n\t\t\t\t<\/div>\n\t\t\t\t<div class=\"elementor-element elementor-element-b672d18 elementor-widget elementor-widget-heading\" data-id=\"b672d18\" data-element_type=\"widget\" data-widget_type=\"heading.default\">\n\t\t\t\t<div class=\"elementor-widget-container\">\n\t\t\t\t\t<h2 class=\"elementor-heading-title elementor-size-medium\">Pol\u00edtica de Protecci\u00f3 de Dades de Car\u00e0cter Personal<\/h2>\t\t\t\t<\/div>\n\t\t\t\t<\/div>\n\t\t\t\t<div class=\"elementor-element elementor-element-950162d elementor-widget elementor-widget-text-editor\" data-id=\"950162d\" data-element_type=\"widget\" data-widget_type=\"text-editor.default\">\n\t\t\t\t<div class=\"elementor-widget-container\">\n\t\t\t\t\t\t\t\t\t<p><strong>1.1.-<\/strong> En compliment del que es disposa en el Reglament Europeu de Protecci\u00f3 de Dades Personals 679\/2016 del 27 d\u2019abril, l\u2019Usuari accepta la inclusi\u00f3 de les dades recaptades durant la navegaci\u00f3 pel Portal o proporcionades mitjan\u00e7ant l\u2019emplenament de qualsevol formulari que en ell es trobi, aix\u00ed com els derivats de les eventuals relacions comercials que puguin generar-se. Durant el proc\u00e9s de recollida de dades, i en aquell lloc del Portal en el qual se sol\u00b7licitin els mateixos, l\u2019Usuari ser\u00e0 convenientment informat mitjan\u00e7ant un enlla\u00e7 o mitjan\u00e7ant la inclusi\u00f3 de la informaci\u00f3 en el propi formulari, del car\u00e0cter obligatori o no de recollida de tals dades per a la prestaci\u00f3 de serveis, aix\u00ed com dels presents drets.<\/p><p><strong>Drets de l\u2019Usuari:<\/strong> l\u2019Usuari podr\u00e0 exercitar, sobre les dades recaptades, els drets reconeguts en el referit reglament Europeu 679\/2016 i en particular els drets d\u2019acc\u00e9s, rectificaci\u00f3, cancel\u00b7laci\u00f3 o supressi\u00f3 de dades i oposici\u00f3, aix\u00ed com el de portabilitat i limitaci\u00f3 del tractament en el seu cas.<\/p><p>L\u2019exercici dels drets anteriorment indicats es pot fer per correu postal, adjuntant c\u00f2pia del DNI o passaport; davant FIRA INTERNACIONAL DE BARCELONA amb domicili a Av. Reina M\u00aa Cristina s\/n 08004 Barcelona, Departament CRM Serveis de M\u00e0rqueting, o per correu electr\u00f2nic, a l\u2019adre\u00e7a datos@firabarcelona.test o datos.alimentaria@alimentaria.test, amb la mateixa documentaci\u00f3 que per correu postal. <a href=\"mailto:datos@firabarcelona.test\">datos@firabarcelona.test<\/a> o <a href=\"mailto:datos.alimentaria@alimentaria.test\">datos.alimentaria@alimentaria.test<\/a>, con la misma documentaci\u00f3n que por correo postal.<\/p><p>Per a qualsevol consulta sobre el tractament de les seves dades, pot posar-se en contacte amb la nostra DPO a <a href=\"mailto:dpo@firabarcelona.test\">dpo@firabarcelona.test<\/a><\/p><p>Aix\u00ed mateix, vost\u00e8 pot dirigir les seves reclamacions derivades del tractament de les seves dades de car\u00e0cter personal a l\u2019Ag\u00e8ncia Espanyola de Protecci\u00f3 de Dades. <a href=\"https:\/\/www.aepd.es\/es\" target=\"_blank\" rel=\"noopener\">Agencia Espa\u00f1ola de Protecci\u00f3n de Datos<\/a><\/p><p><strong>Mesures de seguretat:<\/strong> d\u2019acord amb l\u2019article 25.2 del referit Reglament Europeu FIRA BARCELONA ha adoptat les mesures t\u00e8cniques i organitzatives apropiades per a garantir que, per defecte, nom\u00e9s siguin objecte de tractament les dades personals que siguin necess\u00e0ries.<\/p><p><strong>1.4.- Cookies:<\/strong> l\u2019\u00fas de cookies a trav\u00e9s del Portal es regir\u00e0 pel que s\u2019estableix en la Pol\u00edtica de Cookies, accessible en tot moment des del Portal, formant part del present Av\u00eds Legal.<\/p>\t\t\t\t\t\t\t\t<\/div>\n\t\t\t\t<\/div>\n\t\t\t\t<div class=\"elementor-element elementor-element-b99ec79 elementor-widget elementor-widget-heading\" data-id=\"b99ec79\" data-element_type=\"widget\" data-widget_type=\"heading.default\">\n\t\t\t\t<div class=\"elementor-widget-container\">\n\t\t\t\t\t<h2 class=\"elementor-heading-title elementor-size-medium\">Propietat Industrial i Intel\u00b7lectual. Pol\u00edtica d\u2019enlla\u00e7os<\/h2>\t\t\t\t<\/div>\n\t\t\t\t<\/div>\n\t\t\t\t<div class=\"elementor-element elementor-element-b717df6 elementor-widget elementor-widget-text-editor\" data-id=\"b717df6\" data-element_type=\"widget\" data-widget_type=\"text-editor.default\">\n\t\t\t\t<div class=\"elementor-widget-container\">\n\t\t\t\t\t\t\t\t\t<p><strong>2.1.-<\/strong> Tots els continguts inclosos dins el Portal, i en particular les marques, noms comercials, dissenys industrials, dissenys, textos, fotografies, gr\u00e0fics, logotips, icones, programari o signes susceptibles d\u2019utilitzaci\u00f3 industrial i comercial estan protegits pels drets de propietat industrial i intel\u00b7lectual de la FIRA o de tercers titulars dels mateixos que han autoritzat la seva inclusi\u00f3 en el Portal. Queda per tant prohibida qualsevol utilitzaci\u00f3 i\/o reproducci\u00f3 dels mateixos sense consentiment expr\u00e9s de la FIRA.<\/p><p><strong>2.2.-<\/strong> FIRA no ser\u00e0 responsable de la infracci\u00f3 dels drets de propietat intel\u00b7lectual o industrial de tercers que poguessin derivar-se de la inclusi\u00f3 en el Portal de marques, noms comercials, dissenys industrials, dissenys, textos, fotografies, gr\u00e0fics, logotips, icones o programari pertanyent a tercers que hagin declarat ser titulars dels mateixos en incloure\u2019ls en el Portal.<\/p><p><strong>2.3.-<\/strong> En cap cas s\u2019entendr\u00e0 que l\u2019acc\u00e9s i la navegaci\u00f3 de l\u2019Usuari implica una autoritzaci\u00f3 o que s\u2019efectua ren\u00fancia, transmissi\u00f3, cessi\u00f3 total o parcial d\u2019aquests drets ni la concessi\u00f3 de cap dret ni expectativa de dret, i en concret, de l\u2019alteraci\u00f3, transformaci\u00f3, explotaci\u00f3, reproducci\u00f3, distribuci\u00f3 o comunicaci\u00f3 p\u00fablica sobre aquests continguts sense la pr\u00e8via autoritzaci\u00f3 expressa de FIRA o dels titulars corresponents.<\/p><p>La utilitzaci\u00f3 de les marques de la FIRA per part dels expositors en els salons corresponents en els seus cat\u00e0legs, fullets, documentaci\u00f3 comercial, p\u00e0gina web o de qualsevol altra forma haur\u00e0 de ser expressament autoritzada per FIRA.<\/p><p><strong>2.4.<\/strong> No es podr\u00e0 establir cap vincle al Portal des de qualsevol altra web sense el consentiment previ i expr\u00e9s de la FIRA.<\/p><p>Els enlla\u00e7os que s\u2019estableixin hauran de fer-se a la p\u00e0gina principal de la FIRA, o en el seu cas, a aquella que la pr\u00f2pia FIRA estableixi, sent aquest enlla\u00e7 absolut i complet de manera que porti a l\u2019Usuari al lloc de la FIRA, que haur\u00e0 d\u2019ocupar completament tota l\u2019extensi\u00f3 de la pantalla de la p\u00e0gina principal.<\/p><p><strong>2.5.<\/strong> FIRA no ser\u00e0 responsable del contingut de les p\u00e0gines web de dest\u00ed que s\u2019estableixin mitjan\u00e7ant vincles en el Portal, ni tampoc de les infraccions de drets de tercers en les quals aquestes p\u00e0gines poguessin inc\u00f3rrer.<\/p>\t\t\t\t\t\t\t\t<\/div>\n\t\t\t\t<\/div>\n\t\t\t\t<div class=\"elementor-element elementor-element-fd95be0 elementor-widget elementor-widget-heading\" data-id=\"fd95be0\" data-element_type=\"widget\" data-widget_type=\"heading.default\">\n\t\t\t\t<div class=\"elementor-widget-container\">\n\t\t\t\t\t<h2 class=\"elementor-heading-title elementor-size-medium\">Responsabilitat de FIRA BARCELONA<\/h2>\t\t\t\t<\/div>\n\t\t\t\t<\/div>\n\t\t\t\t<div class=\"elementor-element elementor-element-be20038 elementor-widget elementor-widget-text-editor\" data-id=\"be20038\" data-element_type=\"widget\" data-widget_type=\"text-editor.default\">\n\t\t\t\t<div class=\"elementor-widget-container\">\n\t\t\t\t\t\t\t\t\t<p>L\u2019Usuari reconeix i accepta que la utilitzaci\u00f3 del Portal i dels seus serveis es realitza sota la seva completa responsabilitat.<\/p><p>FIRA \u00fanicament respondr\u00e0 dels danys que l\u2019Usuari pugui sofrir a conseq\u00fc\u00e8ncia de la utilitzaci\u00f3 del portal quan aquests danys siguin imputables a una actuaci\u00f3 dolosa de FIRA.<\/p><p>No obstant aix\u00f2, FIRA declara haver adoptat totes les mesures necess\u00e0ries, dins de les seves possibilitats i de l\u2019estat de la tecnologia, per a garantir el funcionament del Portal i evitar l\u2019exist\u00e8ncia i transmissi\u00f3 de virus i altres components que puguin perjudicar l\u2019Usuari.<\/p>\t\t\t\t\t\t\t\t<\/div>\n\t\t\t\t<\/div>\n\t\t\t\t<div class=\"elementor-element elementor-element-5a66251 elementor-widget elementor-widget-heading\" data-id=\"5a66251\" data-element_type=\"widget\" data-widget_type=\"heading.default\">\n\t\t\t\t<div class=\"elementor-widget-container\">\n\t\t\t\t\t<h2 class=\"elementor-heading-title elementor-size-medium\">Obligacions de l\u2019Usuari<\/h2>\t\t\t\t<\/div>\n\t\t\t\t<\/div>\n\t\t\t\t<div class=\"elementor-element elementor-element-cd14edb elementor-widget elementor-widget-text-editor\" data-id=\"cd14edb\" data-element_type=\"widget\" data-widget_type=\"text-editor.default\">\n\t\t\t\t<div class=\"elementor-widget-container\">\n\t\t\t\t\t\t\t\t\t<p>L\u2019Usuari s\u2019obliga a utilitzar els continguts del portal de manera diligent, correcta i l\u00edcita, i es compromet a abstenir-se de:<\/p><p><strong>a)<\/strong> Utilitzar els continguts amb finalitats o efectes contraris a la llei, a la moral i als bons costums o a l\u2019ordre p\u00fablic.<\/p><p><strong>b)<\/strong> Reproduir, copiar, distribuir, permetre l\u2019acc\u00e9s del p\u00fablic a trav\u00e9s de qualsevol modalitat de comunicaci\u00f3 p\u00fablica, transformar o modificar els continguts, tret que es compti amb la corresponent autoritzaci\u00f3 del seu titular.<\/p><p><strong>c)<\/strong> Utilitzar els continguts del portal per a remetre publicitat, comunicacions amb finalitats de venda directa o amb qualsevol altra classe de finalitat comercial, missatges no sol\u00b7licitats dirigits a una pluralitat de persones amb independ\u00e8ncia de la seva finalitat, aix\u00ed com a abstenir-se de comercialitzar o divulgar de qualsevol manera aquesta informaci\u00f3.<\/p>\t\t\t\t\t\t\t\t<\/div>\n\t\t\t\t<\/div>\n\t\t\t\t<div class=\"elementor-element elementor-element-0e764f7 elementor-widget elementor-widget-heading\" data-id=\"0e764f7\" data-element_type=\"widget\" data-widget_type=\"heading.default\">\n\t\t\t\t<div class=\"elementor-widget-container\">\n\t\t\t\t\t<h2 class=\"elementor-heading-title elementor-size-medium\">Comunicacions comercials<\/h2>\t\t\t\t<\/div>\n\t\t\t\t<\/div>\n\t\t\t\t<div class=\"elementor-element elementor-element-c685609 elementor-widget elementor-widget-text-editor\" data-id=\"c685609\" data-element_type=\"widget\" data-widget_type=\"text-editor.default\">\n\t\t\t\t<div class=\"elementor-widget-container\">\n\t\t\t\t\t\t\t\t\t<p>FIRA podr\u00e0 enviar comunicacions comercials per qualsevol mitj\u00e0 amb ple respecte a la legislaci\u00f3 que es trobi vigent en mat\u00e8ria de protecci\u00f3 de dades personals.<\/p><p>Per a les comunicacions comercials realitzades a trav\u00e9s del correu electr\u00f2nic i en compliment del que es disposa en la Llei 34\/2002 d\u201911 de juliol de Serveis de la Societat de la Informaci\u00f3 i de Comer\u00e7 Electr\u00f2nic, ser\u00e0 degudament recaptat el consentiment de l\u2019Usuari.<\/p><p>L\u2019Usuari podr\u00e0 revocar en qualsevol moment el consentiment prestat a la recepci\u00f3 de les comunicacions personals amb la simple notificaci\u00f3 de la seva voluntat a FIRA dirigint un correu electr\u00f2nic a l\u2019adre\u00e7a: datos@firabarcelona.test.<\/p>\t\t\t\t\t\t\t\t<\/div>\n\t\t\t\t<\/div>\n\t\t\t\t<div class=\"elementor-element elementor-element-d31274e elementor-widget elementor-widget-heading\" data-id=\"d31274e\" data-element_type=\"widget\" data-widget_type=\"heading.default\">\n\t\t\t\t<div class=\"elementor-widget-container\">\n\t\t\t\t\t<h2 class=\"elementor-heading-title elementor-size-medium\">Legislaci\u00f3 aplicable<\/h2>\t\t\t\t<\/div>\n\t\t\t\t<\/div>\n\t\t\t\t<div class=\"elementor-element elementor-element-73dcbad elementor-widget elementor-widget-text-editor\" data-id=\"73dcbad\" data-element_type=\"widget\" data-widget_type=\"text-editor.default\">\n\t\t\t\t<div class=\"elementor-widget-container\">\n\t\t\t\t\t\t\t\t\t<p>Les relacions establertes entre l\u2019Usuari i el titular del Portal es regiran pel que es disposa en la normativa vigent sobre la legislaci\u00f3 aplicable i la jurisdicci\u00f3 competent. No obstant aix\u00f2, per als casos en els quals la normativa prevegi la possibilitat a les parts de sotmetre\u2019s a un fur, la FIRA i l\u2019Usuari, amb ren\u00fancia expressa a qualsevol altre fur que pogu\u00e9s correspondre\u2019ls, se sotmeten als Jutjats i Tribunals de Barcelona.<\/p><p>En tot cas seran aplicables les normes de l\u2019Ordenament Jur\u00eddic Espanyol.<\/p>\t\t\t\t\t\t\t\t<\/div>\n\t\t\t\t<\/div>\n\t\t\t\t\t<\/div>\n\t\t<\/div>\n\t\t\t\t\t<\/div>\n\t\t<\/section>\n\t\t\t\t<section class=\"elementor-section elementor-top-section elementor-element elementor-element-655f11a elementor-section-boxed elementor-section-height-default elementor-section-height-default\" data-id=\"655f11a\" data-element_type=\"section\">\n\t\t\t\t\t\t<div class=\"elementor-container elementor-column-gap-default\">\n\t\t\t\t\t<div class=\"elementor-column elementor-col-100 elementor-top-column elementor-element elementor-element-7f1862a\" data-id=\"7f1862a\" data-element_type=\"column\">\n\t\t\t<div class=\"elementor-widget-wrap elementor-element-populated\">\n\t\t\t\t\t\t<div class=\"elementor-element elementor-element-f93e07a elementor-widget elementor-widget-heading\" data-id=\"f93e07a\" data-element_type=\"widget\" data-widget_type=\"heading.default\">\n\t\t\t\t<div class=\"elementor-widget-container\">\n\t\t\t\t\t<h2 class=\"elementor-heading-title elementor-size-large\">Condicions generals de contractaci\u00f3<\/h2>\t\t\t\t<\/div>\n\t\t\t\t<\/div>\n\t\t\t\t<div class=\"elementor-element elementor-element-48d5223 elementor-widget elementor-widget-text-editor\" data-id=\"48d5223\" data-element_type=\"widget\" data-widget_type=\"text-editor.default\">\n\t\t\t\t<div class=\"elementor-widget-container\">\n\t\t\t\t\t\t\t\t\t<p><strong>1.-<\/strong> Les presents Condicions Generals de Contractaci\u00f3, junt amb les condicions particulars que en el seu cas s\u2019estableixin, regularan expressament les relacions sorgides entre FIRA BARCELONA i els expositors que contractin els serveis oferts a trav\u00e9s del Portal.<\/p><p><strong>2.-<\/strong> Les presents Condicions Generals han estat elaborades d\u2019acord amb el que es disposa en, la Llei 7\/1998 sobre Condicions Generals de Contractaci\u00f3, la Llei 3\/2014 de 27 de Mar\u00e7, la Llei General per a la Defensa de Consumidors i Usuaris, la Llei 7\/1996 d\u2019Ordenaci\u00f3 del Comer\u00e7 Minorista i, en el seu cas, per la Llei 34\/2002 de Serveis de la Societat de la Informaci\u00f3 i de Comer\u00e7 Electr\u00f2nic.<\/p><p><strong>3.-<\/strong> La prestaci\u00f3 de qualsevol dels serveis del Portal suposa l\u2019acceptaci\u00f3 de l\u2019Usuari de totes i cadascuna de les Condicions Generals de Contractaci\u00f3, de les Condicions Generals d\u2019Utilitzaci\u00f3 del Portal i de les Condicions Particulars que regeixin la prestaci\u00f3 del servei.<\/p><p><strong>4.-<\/strong> FIRA BARCELONA informa que els tr\u00e0mits per a efectuar la prestaci\u00f3 dels serveis oferts s\u00f3n aquells descrits en les presents condicions i aquells que s\u2019indiquin en pantalla que es refereixi a cada servei concret, de manera que l\u2019Usuari tingui acc\u00e9s a aquesta informaci\u00f3 de manera vera\u00e7, efica\u00e7 i complet amb una antelaci\u00f3 m\u00ednima de tres dies a la contractaci\u00f3 del servei i declarant aquest Usuari que coneix i accepta aquests tr\u00e0mits com a necessaris per a obtenir la prestaci\u00f3 del corresponent servei.<\/p><p><strong>5.-<\/strong> Tota la informaci\u00f3 proporcionada a FIRA durant els processos de contractaci\u00f3 ser\u00e0 emmagatzemada de manera que l\u2019Usuari podr\u00e0 sol\u00b7licitar informaci\u00f3 referent a les operacions efectuades per ell dins dels 3 mesos anteriors i sempre pr\u00e8via petici\u00f3 per e-mail dirigida a FIRA.<\/p><p><strong>6.-<\/strong> Per a poder accedir a la prestaci\u00f3 dels serveis oferts a trav\u00e9s del present Portal, FIRA podr\u00e0 proporcionar a l\u2019Usuari un nom d\u2019Usuari i un \u201cPassword\u201d o contrasenya. El Nom d\u2019Usuari i Password facilitats s\u00f3n elements identificadors que habiliten l\u2019Usuari per a accedir als Serveis del Portal i tenen car\u00e0cter personal i intransferible. FIRA podr\u00e0 realitzar modificacions previ av\u00eds a l\u2019Usuari, i en aquest cas les claus modificades perdran la seva validesa.<\/p><p><strong>7.-<\/strong> Tots els mitjans t\u00e8cnics que siguin necessaris per a accedir al Portal i a la prestaci\u00f3 de serveis de FIRA seran per compte exclusiu de l\u2019Usuari, aix\u00ed com tots els impostos o despeses d\u2019un altre tipus als quals la prestaci\u00f3 de serveis don\u00e9s lloc.<\/p><p><strong>8.-<\/strong> Els contractes subscrits a trav\u00e9s del present Portal es regiran per la legislaci\u00f3 espanyola, que ser\u00e0 aplicable en el no recollit en les presents condicions en mat\u00e8ria d\u2019interpretaci\u00f3, validesa i execuci\u00f3.<\/p><p>No obstant aix\u00f2, per als casos en els quals la normativa prevegi la possibilitat a les parts de sotmetre\u2019s a un fur, la FIRA i l\u2019Usuari, amb ren\u00fancia expressa a qualsevol altre fur que pogu\u00e9s correspondre\u2019ls, se sotmeten als Jutjats i Tribunals de Barcelona.<\/p>\t\t\t\t\t\t\t\t<\/div>\n\t\t\t\t<\/div>\n\t\t\t\t\t<\/div>\n\t\t<\/div>\n\t\t\t\t\t<\/div>\n\t\t<\/section>\n\t\t\t\t<\/div>","protected":false},"excerpt":{"rendered":"<p>Informaci\u00f3n general Titularidad del Portal FIRA BARCELONA con domicilio en Barcelona, Avenida Reina M\u00aa Cristina s\/n y con CIF Q-0873006-A Inscrita en el Registro Oficial de Ferias de Catalu\u00f1a, en el folio 7, libro I, es la titular del portal firabarcelona.test (en lo sucesivo, el Portal) y lo pone a disposici\u00f3n de los usuarios de [&hellip;]<\/p>","protected":false},"author":1,"featured_media":0,"parent":0,"menu_order":61,"comment_status":"closed","ping_status":"closed","template":"","meta":{"footnotes":""},"class_list":["post-781","page","type-page","status-publish","hentry"],"acf":[],"_links":{"self":[{"href":"https:\/\/lovers.b-travel.com\/ca\/wp-json\/wp\/v2\/pages\/781","targetHints":{"allow":["GET"]}}],"collection":[{"href":"https:\/\/lovers.b-travel.com\/ca\/wp-json\/wp\/v2\/pages"}],"about":[{"href":"https:\/\/lovers.b-travel.com\/ca\/wp-json\/wp\/v2\/types\/page"}],"author":[{"embeddable":true,"href":"https:\/\/lovers.b-travel.com\/ca\/wp-json\/wp\/v2\/users\/1"}],"replies":[{"embeddable":true,"href":"https:\/\/lovers.b-travel.com\/ca\/wp-json\/wp\/v2\/comments?post=781"}],"version-history":[{"count":7,"href":"https:\/\/lovers.b-travel.com\/ca\/wp-json\/wp\/v2\/pages\/781\/revisions"}],"predecessor-version":[{"id":801,"href":"https:\/\/lovers.b-travel.com\/ca\/wp-json\/wp\/v2\/pages\/781\/revisions\/801"}],"wp:attachment":[{"href":"https:\/\/lovers.b-travel.com\/ca\/wp-json\/wp\/v2\/media?parent=781"}],"curies":[{"name":"wp","href":"https:\/\/api.w.org\/{rel}","templated":true}]}}