{"id":788,"date":"2023-03-02T13:03:43","date_gmt":"2023-03-02T13:03:43","guid":{"rendered":"https:\/\/btravel.putput.cat\/?page_id=788"},"modified":"2023-03-02T13:07:42","modified_gmt":"2023-03-02T13:07:42","slug":"informacion-general","status":"publish","type":"page","link":"https:\/\/lovers.b-travel.com\/ca\/informacion-general\/","title":{"rendered":"Informaci\u00f3n general"},"content":{"rendered":"<div data-elementor-type=\"wp-page\" data-elementor-id=\"788\" class=\"elementor elementor-788\" data-elementor-post-type=\"page\">\n\t\t\t\t\t\t<section class=\"elementor-section elementor-top-section elementor-element elementor-element-68eac86 elementor-section-boxed elementor-section-height-default elementor-section-height-default\" data-id=\"68eac86\" data-element_type=\"section\">\n\t\t\t\t\t\t<div class=\"elementor-container elementor-column-gap-default\">\n\t\t\t\t\t<div class=\"elementor-column elementor-col-100 elementor-top-column elementor-element elementor-element-5db717c\" data-id=\"5db717c\" data-element_type=\"column\">\n\t\t\t<div class=\"elementor-widget-wrap elementor-element-populated\">\n\t\t\t\t\t\t<div class=\"elementor-element elementor-element-495db63 elementor-widget elementor-widget-heading\" data-id=\"495db63\" data-element_type=\"widget\" data-widget_type=\"heading.default\">\n\t\t\t\t<div class=\"elementor-widget-container\">\n\t\t\t\t\t<h1 class=\"elementor-heading-title elementor-size-xxl\">Informaci\u00f3n general<\/h1>\t\t\t\t<\/div>\n\t\t\t\t<\/div>\n\t\t\t\t<div class=\"elementor-element elementor-element-31289c0 elementor-widget elementor-widget-text-editor\" data-id=\"31289c0\" data-element_type=\"widget\" data-widget_type=\"text-editor.default\">\n\t\t\t\t<div class=\"elementor-widget-container\">\n\t\t\t\t\t\t\t\t\t<p><strong>Fira Barcelona<\/strong><br \/>Recinte Montju\u00efc<br \/>Avda. Reina Maria Cristina s\/n<br \/>08004 Barcelona<\/p><p>Tel: 93 233 2000<br \/>E-mail: <a href=\"mailto:info@firabarcelona.com\">info@firabarcelona.com<\/a><\/p><p><strong>Fira Internacional de Barcelona<\/strong><br \/>CIF: Q-0873006-A<br \/>Inscrita al Registre Oficial de Fires de Catalunya, al foli 7, Llibre 1.<br \/>Per a qualsevol consulta o petici\u00f3 relativa a dades de car\u00e0cter personal, i\/o d\u2019empresa, dirigiu-vos al correu datos@firabarcelona.com <a href=\"mailto:datos@firabarcelona.com\">datos@firabarcelona.com<\/a><\/p>\t\t\t\t\t\t\t\t<\/div>\n\t\t\t\t<\/div>\n\t\t\t\t\t<\/div>\n\t\t<\/div>\n\t\t\t\t\t<\/div>\n\t\t<\/section>\n\t\t\t\t<\/div>","protected":false},"excerpt":{"rendered":"<p>Fira BarcelonaRecinto Montju\u00efcAvda. Reina Maria Cristina s\/n08004 Barcelona Tel: 93 233 2000E-mail: info@firabarcelona.com Fira Internacional de BarcelonaCIF: Q-0873006-AInscrita en el Registro Oficial de Ferias de Catalu\u00f1a, al folio 7, Libro IPara cualquier consulta o petici\u00f3n relativa a datos de car\u00e1cter personal, y\/o de empresa, dir\u00edjanse al correo datos@firabarcelona.com<\/p>","protected":false},"author":1,"featured_media":0,"parent":0,"menu_order":0,"comment_status":"closed","ping_status":"closed","template":"","meta":{"footnotes":""},"class_list":["post-788","page","type-page","status-publish","hentry"],"acf":[],"_links":{"self":[{"href":"https:\/\/lovers.b-travel.com\/ca\/wp-json\/wp\/v2\/pages\/788","targetHints":{"allow":["GET"]}}],"collection":[{"href":"https:\/\/lovers.b-travel.com\/ca\/wp-json\/wp\/v2\/pages"}],"about":[{"href":"https:\/\/lovers.b-travel.com\/ca\/wp-json\/wp\/v2\/types\/page"}],"author":[{"embeddable":true,"href":"https:\/\/lovers.b-travel.com\/ca\/wp-json\/wp\/v2\/users\/1"}],"replies":[{"embeddable":true,"href":"https:\/\/lovers.b-travel.com\/ca\/wp-json\/wp\/v2\/comments?post=788"}],"version-history":[{"count":10,"href":"https:\/\/lovers.b-travel.com\/ca\/wp-json\/wp\/v2\/pages\/788\/revisions"}],"predecessor-version":[{"id":807,"href":"https:\/\/lovers.b-travel.com\/ca\/wp-json\/wp\/v2\/pages\/788\/revisions\/807"}],"wp:attachment":[{"href":"https:\/\/lovers.b-travel.com\/ca\/wp-json\/wp\/v2\/media?parent=788"}],"curies":[{"name":"wp","href":"https:\/\/api.w.org\/{rel}","templated":true}]}}